{"id":6618,"date":"2017-12-22T13:02:50","date_gmt":"2017-12-22T12:02:50","guid":{"rendered":"http:\/\/www.scsc-ingenbohl.org\/?page_id=6618"},"modified":"2017-12-22T13:03:35","modified_gmt":"2017-12-22T12:03:35","slug":"vicariate-brasil","status":"publish","type":"page","link":"https:\/\/www.scsc-ingenbohl.org\/en\/worldwide-activities\/vicariate-brasil\/","title":{"rendered":"Vicariate Brasil"},"content":{"rendered":"<div class=\"wpb-content-wrapper\"><p>[vc_row 0=&#8221;&#8221;][vc_column 0=&#8221;&#8221;][vc_column_text 0=&#8221;&#8221;]<\/p>\n<h1>Vicariate Brasil<\/h1>\n<p>[\/vc_column_text][\/vc_column][\/vc_row][vc_row][vc_column][vc_column_text]<strong>Address: Av. Cardeal da Silva, n\u00ba 1210, Bairro Federa\u00e7\u00e3o, Salvador\/Bahia. CEP 40231-250<br \/>\nPhone: 0055 (071) 3245-3182<\/strong><br \/>\n<strong>E-Mail:\u00a0<a href=\"mailto:m.******************@***il.com\" data-original-string=\"k02kZwOu4qLv3g1bdGP2Kg==940gpgua4jSLw78mcodblfzvI8GJvDQkaaCXxikeUa54Wk=\" title=\"This contact has been encoded by Anti-Spam by CleanTalk. Click to decode. To finish the decoding make sure that JavaScript is enabled in your browser.\"><span \n                data-original-string='FZzGmTO8lydAzrgLpWBz0g==9400qt16IG1gNLXwqizAKd93oovd0vdD82PcdYZ1AfVmCE='\n                class='apbct-email-encoder'\n                title='This contact has been encoded by Anti-Spam by CleanTalk. Click to decode. To finish the decoding make sure that JavaScript is enabled in your browser.'>m.<span class=\"apbct-blur\">******************<\/span>@<span class=\"apbct-blur\">***<\/span>il.com<\/span><\/a><br \/>\n<\/strong><strong>Website: <a href=\"http:\/\/www.irmasdecaridadedasantacruz.com.br\" target=\"_blank\" rel=\"noopener\">www.irmasdecaridadedasantacruz.com.br<\/a><\/strong>[\/vc_column_text][\/vc_column][\/vc_row][vc_row 0=&#8221;&#8221;][vc_column width=&#8221;1\/3&#8243;][vc_single_image image=&#8221;6423&#8243; img_size=&#8221;205&#215;128&#8243; onclick=&#8221;link_image&#8221;][\/vc_column][vc_column width=&#8221;1\/3&#8243;][vc_single_image 0=&#8221;&#8221; image=&#8221;6424&#8243; img_size=&#8221;205&#215;128&#8243; onclick=&#8221;link_image&#8221;][\/vc_column][vc_column width=&#8221;1\/3&#8243;][vc_single_image image=&#8221;6426&#8243; img_size=&#8221;205&#215;128&#8243; onclick=&#8221;link_image&#8221;][\/vc_column][\/vc_row][vc_row 0=&#8221;&#8221;][vc_column 0=&#8221;&#8221;][vc_column_text 0=&#8221;&#8221;]The first sisters of Mercy of the Holy Cross arrived in Brazil on July 21st, 1966, following a request of Pope John XXIII. During the first fifteen years of their presence in the country, they dedicated their service mainly to pastoral work in parishes without a residing priest. Today we are engaged in the evangelisation in general in four states in Brazil.<\/p>\n<p>We live in communities in Pernambuco (1), Bahia (4), Rio de Janeiro (2)<\/p>\n<p>The sisters of the vicariate are mainly involved in the apostolate with youth, prisoners, vocation pastoral, hospital care, alternative health care. They are engaged in the spiritual accompaniment of religious and of young people discerning their vocation, as well as the education and formation of children and adolescents.<\/p>\n<p>Special projects are:\u00a0 a cr\u00e8che in the town of Sim\u00f5es Filho\/BA, where the children living in a poor section of the town are cared for without the families having to pay. \u00a0In a similar way, we lead two projects aimed at giving elderly people the possibility to spend time together in friendship, one is conducted in Salvador, the other in the town of Governador Mangabeira.<\/p>\n<p>We also work in partnership with other institutions:<\/p>\n<ul>\n<li>We are partners in the project \u201cAmor che cura\u201d, an initiative to give service and help to a population living in a town built on a waste dump in Duque de Caxias, Rio de Janeiro<\/li>\n<li>We collaborate with the \u201cAssocia\u00e7\u00e3o Cidade da Crian\u00e7a\u201d in Sim\u00f5es Filho\/BA, a project aimed at providing vocational training to adolescents and young adults<\/li>\n<li>Together with the parish S\u00e3o Caetano in Pernambuco we foster a project to generate income for the families and grant a solid vocational training to adolescents<\/li>\n<\/ul>\n<p>Another important project of our mission is the accompaniment of the group of associates, called \u201eSementes da Santa Cruz\u201d (seed of the cross). These are women and men who strife to live according to our charism and our spirituality wherever they are or work.[\/vc_column_text][\/vc_column][\/vc_row][vc_row 0=&#8221;&#8221;][vc_column width=&#8221;1\/3&#8243;][vc_single_image image=&#8221;6427&#8243; img_size=&#8221;205&#215;128&#8243; onclick=&#8221;link_image&#8221;][\/vc_column][vc_column width=&#8221;1\/3&#8243;][vc_single_image 0=&#8221;&#8221; image=&#8221;6428&#8243; img_size=&#8221;205&#215;128&#8243; onclick=&#8221;link_image&#8221;][\/vc_column][vc_column width=&#8221;1\/3&#8243;][vc_single_image image=&#8221;6429&#8243; img_size=&#8221;205&#215;128&#8243; onclick=&#8221;link_image&#8221;][\/vc_column][\/vc_row]<\/p>\n<\/div>","protected":false},"excerpt":{"rendered":"<p>[vc_row 0=&#8221;&#8221;][vc_column 0=&#8221;&#8221;][vc_column_text 0=&#8221;&#8221;] Vicariate Brasil [\/vc_column_text][\/vc_column][\/vc_row][vc_row][vc_column][vc_column_text]Address: Av. Cardeal da Silva, n\u00ba 1210, Bairro Federa\u00e7\u00e3o, Salvador\/Bahia. CEP 40231-250 Phone: 0055 (071) 3245-3182 E-Mail:\u00a0m.******************@***il.com Website: www.irmasdecaridadedasantacruz.com.br[\/vc_column_text][\/vc_column][\/vc_row][vc_row 0=&#8221;&#8221;][vc_column width=&#8221;1\/3&#8243;][vc_single_image image=&#8221;6423&#8243; img_size=&#8221;205&#215;128&#8243; onclick=&#8221;link_image&#8221;][\/vc_column][vc_column width=&#8221;1\/3&#8243;][vc_single_image 0=&#8221;&#8221; image=&#8221;6424&#8243; img_size=&#8221;205&#215;128&#8243; onclick=&#8221;link_image&#8221;][\/vc_column][vc_column width=&#8221;1\/3&#8243;][vc_single_image image=&#8221;6426&#8243; img_size=&#8221;205&#215;128&#8243; onclick=&#8221;link_image&#8221;][\/vc_column][\/vc_row][vc_row 0=&#8221;&#8221;][vc_column 0=&#8221;&#8221;][vc_column_text 0=&#8221;&#8221;]The first sisters of Mercy of the Holy Cross arrived in Brazil on July [&hellip;]<\/p>\n","protected":false},"author":1,"featured_media":0,"parent":723,"menu_order":0,"comment_status":"closed","ping_status":"closed","template":"","meta":{"footnotes":""},"class_list":["post-6618","page","type-page","status-publish","hentry"],"_links":{"self":[{"href":"https:\/\/www.scsc-ingenbohl.org\/en\/wp-json\/wp\/v2\/pages\/6618","targetHints":{"allow":["GET"]}}],"collection":[{"href":"https:\/\/www.scsc-ingenbohl.org\/en\/wp-json\/wp\/v2\/pages"}],"about":[{"href":"https:\/\/www.scsc-ingenbohl.org\/en\/wp-json\/wp\/v2\/types\/page"}],"author":[{"embeddable":true,"href":"https:\/\/www.scsc-ingenbohl.org\/en\/wp-json\/wp\/v2\/users\/1"}],"replies":[{"embeddable":true,"href":"https:\/\/www.scsc-ingenbohl.org\/en\/wp-json\/wp\/v2\/comments?post=6618"}],"version-history":[{"count":0,"href":"https:\/\/www.scsc-ingenbohl.org\/en\/wp-json\/wp\/v2\/pages\/6618\/revisions"}],"up":[{"embeddable":true,"href":"https:\/\/www.scsc-ingenbohl.org\/en\/wp-json\/wp\/v2\/pages\/723"}],"wp:attachment":[{"href":"https:\/\/www.scsc-ingenbohl.org\/en\/wp-json\/wp\/v2\/media?parent=6618"}],"curies":[{"name":"wp","href":"https:\/\/api.w.org\/{rel}","templated":true}]}}